{"id":1330,"date":"2023-07-04T16:26:55","date_gmt":"2023-07-04T16:26:55","guid":{"rendered":"https:\/\/demo.bravisthemes.com\/digicove\/?page_id=1330"},"modified":"2024-12-06T13:46:40","modified_gmt":"2024-12-06T13:46:40","slug":"about-company","status":"publish","type":"page","link":"https:\/\/formup.co.th\/de\/about-company\/","title":{"rendered":"About Us"},"content":{"rendered":"<div data-elementor-type=\"wp-page\" data-elementor-id=\"1330\" class=\"elementor elementor-1330\" data-elementor-post-type=\"page\">\n\t\t\t\t        <section class=\"elementor-section elementor-top-section elementor-element elementor-element-959ae92 elementor-section-stretched elementor-section-boxed elementor-section-height-default elementor-section-height-default pxl-section-overflow-hidden-no\" data-id=\"959ae92\" data-element_type=\"section\" data-settings=\"{&quot;stretch_section&quot;:&quot;section-stretched&quot;,&quot;background_background&quot;:&quot;classic&quot;,&quot;jet_parallax_layout_list&quot;:[]}\">\n\n                \n                <div class=\"elementor-container elementor-column-gap-extended\">\n                <div class=\"elementor-column elementor-col-50 elementor-top-column elementor-element elementor-element-f303a35 col-offset-none pxl-column-element-default pxl-column-overflow-hidden-no\" data-id=\"f303a35\" data-element_type=\"column\">\r\n        <div class=\"elementor-widget-wrap elementor-element-populated\">\r\n                     \r\n        \t\t<div class=\"elementor-element elementor-element-1cf1f10 elementor-hidden-mobile elementor-widget elementor-widget-pxl_image_parallax\" data-id=\"1cf1f10\" data-element_type=\"widget\" data-widget_type=\"pxl_image_parallax.default\">\n\t\t\t\t<div class=\"elementor-widget-container\">\n\t\t\t<div class=\"pxl-image--inner overflow-hidden\">\r\n<div id=\"pxl_image_parallax-1cf1f10-4809\" class=\"pxl-image-wg\" data-parallax=\"{&quot;x&quot;:&quot;50&quot;,&quot;&quot;:&quot;&quot;}\" data-maxtilt=\"\" data-speedtilt=\"\" data-perspectivetilt=\"\" data-wow-delay=\"ms\">\r\n        <\/div>    \r\n<\/div>\r\n\t\t<\/div>\n\t\t\t\t<\/div>\n\t\t            <\/div>\r\n        <\/div>\r\n                <div class=\"elementor-column elementor-col-50 elementor-top-column elementor-element elementor-element-cda4fee col-offset-none pxl-column-element-default pxl-column-overflow-hidden-no\" data-id=\"cda4fee\" data-element_type=\"column\">\r\n        <div class=\"elementor-widget-wrap elementor-element-populated\">\r\n                     \r\n        \t\t<div class=\"elementor-element elementor-element-7d37682 elementor-widget elementor-widget-pxl_text_editor\" data-id=\"7d37682\" data-element_type=\"widget\" data-widget_type=\"pxl_text_editor.default\">\n\t\t\t\t<div class=\"elementor-widget-container\">\n\t\t\t<div class=\"pxl-text-editor\">\n\t<div class=\"pxl-item--inner\" data-wow-delay=\"ms\">\n\t\t\u00dcber uns\t<\/div>\n<\/div>\t\t<\/div>\n\t\t\t\t<\/div>\n\t\t\t\t<div class=\"elementor-element elementor-element-114b374 elementor-widget elementor-widget-pxl_text_editor\" data-id=\"114b374\" data-element_type=\"widget\" data-widget_type=\"pxl_text_editor.default\">\n\t\t\t\t<div class=\"elementor-widget-container\">\n\t\t\t<div class=\"pxl-text-editor\">\n\t<div class=\"pxl-item--inner\" data-wow-delay=\"ms\">\n\t\tAls in Thailand ans\u00e4ssiges thail\u00e4ndisch\/deutsches Unternehmen k\u00f6nnen wir mit Ihnen ein glaubw\u00fcrdiges Image Ihres Unternehmens aufbauen und Ihre Produkte und Dienstleistungen auf dem thail\u00e4ndischen Markt und anderen s\u00fcdostasiatischen M\u00e4rkten platzieren. Wir sind Ihre Augen und Ohren vor Ort, analysieren tiefgehend soziale Kan\u00e4le und Online-Medien und sehen die Bed\u00fcrfnisse der Verbraucher oder entdecken Verbesserungsm\u00f6glichkeiten. Wir erkennen, wer Ihre Kunden vor Ort sind, wor\u00fcber sie sprechen und was deren Interesse weckt. \t<\/div>\n<\/div>\t\t<\/div>\n\t\t\t\t<\/div>\n\t\t\t\t<div class=\"elementor-element elementor-element-b56afb8 elementor-widget elementor-widget-pxl_text_editor\" data-id=\"b56afb8\" data-element_type=\"widget\" data-widget_type=\"pxl_text_editor.default\">\n\t\t\t\t<div class=\"elementor-widget-container\">\n\t\t\t<div class=\"pxl-text-editor\">\n\t<div class=\"pxl-item--inner\" data-wow-delay=\"ms\">\n\t\tDar\u00fcber hinaus bringen wir Ihre Nachrichten,  Dokumente, B\u00fccher oder Handb\u00fccher, Gebrauchsanleitungen usw. in h\u00f6chster Qualit\u00e4t in die gew\u00fcnschte asiatische Sprache und stellen sicher, dass die Muttersprachler verstehen, was Sie wirklich sagen.\t<\/div>\n<\/div>\t\t<\/div>\n\t\t\t\t<\/div>\n\t\t            <\/div>\r\n        <\/div>\r\n        \t\t\t<\/div>\n\t\t<\/section>\n\t\t        <section class=\"elementor-section elementor-top-section elementor-element elementor-element-f0d6ba0 elementor-section-stretched elementor-section-boxed elementor-section-height-default elementor-section-height-default pxl-section-overflow-hidden-no\" data-id=\"f0d6ba0\" data-element_type=\"section\" data-settings=\"{&quot;stretch_section&quot;:&quot;section-stretched&quot;,&quot;background_background&quot;:&quot;classic&quot;,&quot;jet_parallax_layout_list&quot;:[]}\">\n\n                \n                <div class=\"elementor-container elementor-column-gap-extended\">\n                <div class=\"elementor-column elementor-col-100 elementor-top-column elementor-element elementor-element-0a476d9 col-offset-none pxl-column-element-default pxl-column-overflow-hidden-no\" data-id=\"0a476d9\" data-element_type=\"column\">\r\n        <div class=\"elementor-widget-wrap elementor-element-populated\">\r\n                     \r\n                <section class=\"elementor-section elementor-inner-section elementor-element elementor-element-03b8e5f elementor-section-boxed elementor-section-height-default elementor-section-height-default pxl-section-overflow-hidden-no\" data-id=\"03b8e5f\" data-element_type=\"section\" data-settings=\"{&quot;jet_parallax_layout_list&quot;:[]}\">\n\n                \n                <div class=\"elementor-container elementor-column-gap-no\">\n                <div class=\"elementor-column elementor-col-50 elementor-inner-column elementor-element elementor-element-c4aebf9 col-offset-none pxl-column-element-default pxl-column-overflow-hidden-no\" data-id=\"c4aebf9\" data-element_type=\"column\">\r\n        <div class=\"elementor-widget-wrap elementor-element-populated\">\r\n                     \r\n        \t\t<div class=\"elementor-element elementor-element-9ed1e6b elementor-widget elementor-widget-pxl_heading\" data-id=\"9ed1e6b\" data-element_type=\"widget\" data-widget_type=\"pxl_heading.default\">\n\t\t\t\t<div class=\"elementor-widget-container\">\n\t\t\t<div class=\"pxl-heading\">\n    <div class=\"pxl-heading--inner\">\n                <h3 class=\"pxl-item--title divider-none  pxl-split-text split-in-right\" data-settings=\"{&quot;animation&quot;:&quot;&quot;,&quot;animation_delay&quot;:300}\">\n        Essential media monitoring and social media listening service to                <\/h3>\n                    <\/div>\n<\/div>\n\n\t\t<\/div>\n\t\t\t\t<\/div>\n\t\t            <\/div>\r\n        <\/div>\r\n                <div class=\"elementor-column elementor-col-50 elementor-inner-column elementor-element elementor-element-3a05e8c col-offset-none pxl-column-element-default pxl-column-overflow-hidden-no\" data-id=\"3a05e8c\" data-element_type=\"column\">\r\n        <div class=\"elementor-widget-wrap elementor-element-populated\">\r\n                     \r\n        \t\t<div class=\"elementor-element elementor-element-11c0676 elementor-widget elementor-widget-pxl_text_editor\" data-id=\"11c0676\" data-element_type=\"widget\" data-widget_type=\"pxl_text_editor.default\">\n\t\t\t\t<div class=\"elementor-widget-container\">\n\t\t\t<div class=\"pxl-text-editor\">\n\t<div class=\"pxl-item--inner\" data-wow-delay=\"ms\">\n\t\tEffectively monitor and manage issues that may impact your business reputation.\t<\/div>\n<\/div>\t\t<\/div>\n\t\t\t\t<\/div>\n\t\t            <\/div>\r\n        <\/div>\r\n        \t\t\t<\/div>\n\t\t<\/section>\n\t\t        <section class=\"elementor-section elementor-inner-section elementor-element elementor-element-f5af971 elementor-section-boxed elementor-section-height-default elementor-section-height-default pxl-section-overflow-hidden-no\" data-id=\"f5af971\" data-element_type=\"section\" data-settings=\"{&quot;jet_parallax_layout_list&quot;:[]}\">\n\n                \n                <div class=\"elementor-container elementor-column-gap-no\">\n                <div class=\"elementor-column elementor-col-50 elementor-inner-column elementor-element elementor-element-2096554 col-offset-none pxl-column-element-default pxl-column-overflow-hidden-no\" data-id=\"2096554\" data-element_type=\"column\">\r\n        <div class=\"elementor-widget-wrap elementor-element-populated\">\r\n                     \r\n        \t\t<div class=\"elementor-element elementor-element-77df761 elementor-widget elementor-widget-pxl_heading\" data-id=\"77df761\" data-element_type=\"widget\" data-widget_type=\"pxl_heading.default\">\n\t\t\t\t<div class=\"elementor-widget-container\">\n\t\t\t<div class=\"pxl-heading\">\n    <div class=\"pxl-heading--inner\">\n                <h3 class=\"pxl-item--title divider-none  pxl-split-text split-in-right\" data-settings=\"{&quot;animation&quot;:&quot;&quot;,&quot;animation_delay&quot;:300}\">\n        Wir \u00fcberwachen den Markt und erfassen Situationen, die sich auf den Ruf Ihres Unternehmens auswirken k\u00f6nnen durch                 <\/h3>\n                    <\/div>\n<\/div>\n\n\t\t<\/div>\n\t\t\t\t<\/div>\n\t\t            <\/div>\r\n        <\/div>\r\n                <div class=\"elementor-column elementor-col-50 elementor-inner-column elementor-element elementor-element-7601084 col-offset-none pxl-column-element-default pxl-column-overflow-hidden-no\" data-id=\"7601084\" data-element_type=\"column\">\r\n        <div class=\"elementor-widget-wrap elementor-element-populated\">\r\n                     \r\n        \t\t<div class=\"elementor-element elementor-element-2b9c47e elementor-widget elementor-widget-text-editor\" data-id=\"2b9c47e\" data-element_type=\"widget\" data-widget_type=\"text-editor.default\">\n\t\t\t\t<div class=\"elementor-widget-container\">\n\t\t\t\t\t\t\t<ul class=\"innerList defaultList\">\n \t<li>neueste KI-Tools<\/li>\n \t<li>Kontoverwaltung<\/li>\n \t<li>unbegrenzte Suchvorg\u00e4nge<\/li>\n<\/ul>\t\t\t\t\t\t<\/div>\n\t\t\t\t<\/div>\n\t\t            <\/div>\r\n        <\/div>\r\n        \t\t\t<\/div>\n\t\t<\/section>\n\t\t            <\/div>\r\n        <\/div>\r\n        \t\t\t<\/div>\n\t\t<\/section>\n\t\t        <section class=\"elementor-section elementor-top-section elementor-element elementor-element-6746c8a elementor-section-boxed elementor-section-height-default elementor-section-height-default pxl-section-overflow-hidden-no\" data-id=\"6746c8a\" data-element_type=\"section\" data-settings=\"{&quot;background_background&quot;:&quot;classic&quot;,&quot;jet_parallax_layout_list&quot;:[]}\">\n\n                \n                <div class=\"elementor-container elementor-column-gap-no\">\n                <div class=\"elementor-column elementor-col-100 elementor-top-column elementor-element elementor-element-66ff51a col-offset-none pxl-column-element-default pxl-column-overflow-hidden-no\" data-id=\"66ff51a\" data-element_type=\"column\">\r\n        <div class=\"elementor-widget-wrap elementor-element-populated\">\r\n                     \r\n        \t\t<div class=\"elementor-element elementor-element-2179d12 elementor-widget elementor-widget-pxl_heading\" data-id=\"2179d12\" data-element_type=\"widget\" data-widget_type=\"pxl_heading.default\">\n\t\t\t\t<div class=\"elementor-widget-container\">\n\t\t\t<div class=\"pxl-heading\">\n    <div class=\"pxl-heading--inner\">\n                    <div class=\"pxl-item--subtitle wow fadeInLeft\">\n                <span>WHY CHOOSE US<\/span>\n            <\/div>\n                <h2 class=\"pxl-item--title divider-none wow fadeInLeft\">\n        Das tun wir f\u00fcr Sie:\n\n                <\/h2>\n                    <\/div>\n<\/div>\n\n\t\t<\/div>\n\t\t\t\t<\/div>\n\t\t        <section class=\"elementor-section elementor-inner-section elementor-element elementor-element-c88628d elementor-section-boxed elementor-section-height-default elementor-section-height-default pxl-section-overflow-hidden-no\" data-id=\"c88628d\" data-element_type=\"section\" data-settings=\"{&quot;jet_parallax_layout_list&quot;:[]}\">\n\n                \n                <div class=\"elementor-container elementor-column-gap-no\">\n                <div class=\"elementor-column elementor-col-25 elementor-inner-column elementor-element elementor-element-00f587e col-offset-none pxl-column-element-default pxl-column-overflow-hidden-no\" data-id=\"00f587e\" data-element_type=\"column\">\r\n        <div class=\"elementor-widget-wrap elementor-element-populated\">\r\n                     \r\n        \t\t<div class=\"elementor-element elementor-element-49dccb0 elementor-align-left elementor-widget elementor-widget-pxl_icon_box\" data-id=\"49dccb0\" data-element_type=\"widget\" data-widget_type=\"pxl_icon_box.default\">\n\t\t\t\t<div class=\"elementor-widget-container\">\n\t\t\t<div class=\"pxl-icon-box pxl-icon-box2 wow fadeInLeft\" data-wow-delay=\"400ms\">\r\n    <div class=\"pxl-item--inner icon-left\">\r\n                    <div class=\"pxl-item--icon\">\r\n                <i aria-hidden=\"true\" class=\"fas fa-check\"><\/i>            <\/div>\r\n                        <div class=\"pxl-item-meta\">\r\n            <h3 class=\"pxl-item--title el-empty\"><\/h3>\r\n            <div class=\"pxl-item--description el-empty\">Wir h\u00f6ren auf soziale Medien in Bezug auf Ihr Unternehmen und Ihre Produkte, indem wir \u00f6ffentliche Daten von Kunden, Influencern und Medien sammeln, analysieren und mithilfe der neuesten Such- und Datenintelligenz in umsetzbare Erkenntnisse umwandeln.   <\/div>\r\n        <\/div>\r\n    <\/div>\r\n<\/div>\t\t<\/div>\n\t\t\t\t<\/div>\n\t\t            <\/div>\r\n        <\/div>\r\n                <div class=\"elementor-column elementor-col-25 elementor-inner-column elementor-element elementor-element-c45b451 col-offset-none pxl-column-element-default pxl-column-overflow-hidden-no\" data-id=\"c45b451\" data-element_type=\"column\">\r\n        <div class=\"elementor-widget-wrap elementor-element-populated\">\r\n                     \r\n        \t\t<div class=\"elementor-element elementor-element-7b7177e elementor-widget elementor-widget-pxl_icon_box\" data-id=\"7b7177e\" data-element_type=\"widget\" data-widget_type=\"pxl_icon_box.default\">\n\t\t\t\t<div class=\"elementor-widget-container\">\n\t\t\t<div class=\"pxl-icon-box pxl-icon-box2 wow fadeInLeft\" data-wow-delay=\"800ms\">\r\n    <div class=\"pxl-item--inner icon-left\">\r\n                    <div class=\"pxl-item--icon\">\r\n                <i aria-hidden=\"true\" class=\"fas fa-check\"><\/i>            <\/div>\r\n                        <div class=\"pxl-item-meta\">\r\n            <h3 class=\"pxl-item--title el-empty\"><\/h3>\r\n            <div class=\"pxl-item--description el-empty\">Wir analysieren, wie gut Ihr Unternehmen und Ihre Produkte auf dem Markt abschneiden, indem wir wichtige Kennzahlen wie Markenengagement, Kundenzufriedenheit und Bewertungen auswerten. Diese Bewertung zeigt die Wirksamkeit, Benutzerfreundlichkeit und Wirkung Ihrer Werbung und liefert ein klares Bild davon, wie stark Ihr Unternehmen in der \u00d6ffentlichkeit wahrgenommen wird und wie intensiv \u00fcber Ihre Produkte gesprochen wird.<\/div>\r\n        <\/div>\r\n    <\/div>\r\n<\/div>\t\t<\/div>\n\t\t\t\t<\/div>\n\t\t            <\/div>\r\n        <\/div>\r\n                <div class=\"elementor-column elementor-col-25 elementor-inner-column elementor-element elementor-element-de6f0ec col-offset-none pxl-column-element-default pxl-column-overflow-hidden-no\" data-id=\"de6f0ec\" data-element_type=\"column\">\r\n        <div class=\"elementor-widget-wrap elementor-element-populated\">\r\n                     \r\n        \t\t<div class=\"elementor-element elementor-element-2392330 elementor-align-left elementor-widget elementor-widget-pxl_icon_box\" data-id=\"2392330\" data-element_type=\"widget\" data-widget_type=\"pxl_icon_box.default\">\n\t\t\t\t<div class=\"elementor-widget-container\">\n\t\t\t<div class=\"pxl-icon-box pxl-icon-box2 wow fadeInLeft\" data-wow-delay=\"400ms\">\r\n    <div class=\"pxl-item--inner icon-left\">\r\n                    <div class=\"pxl-item--icon\">\r\n                <i aria-hidden=\"true\" class=\"fas fa-check\"><\/i>            <\/div>\r\n                        <div class=\"pxl-item-meta\">\r\n            <h3 class=\"pxl-item--title el-empty\"><\/h3>\r\n            <div class=\"pxl-item--description el-empty\">Wir vergleichen die Leistung Ihrer Marke mit denen der Mitbewerber, um Erkenntnisse zu gewinnen, die Ihren Marktanteil steigern und Ihren Wettbewerbsvorteil verbessern k\u00f6nnen.<\/div>\r\n        <\/div>\r\n    <\/div>\r\n<\/div>\t\t<\/div>\n\t\t\t\t<\/div>\n\t\t            <\/div>\r\n        <\/div>\r\n                <div class=\"elementor-column elementor-col-25 elementor-inner-column elementor-element elementor-element-f977b00 col-offset-none pxl-column-element-default pxl-column-overflow-hidden-no\" data-id=\"f977b00\" data-element_type=\"column\">\r\n        <div class=\"elementor-widget-wrap elementor-element-populated\">\r\n                     \r\n        \t\t<div class=\"elementor-element elementor-element-3fdd21c elementor-widget elementor-widget-pxl_icon_box\" data-id=\"3fdd21c\" data-element_type=\"widget\" data-widget_type=\"pxl_icon_box.default\">\n\t\t\t\t<div class=\"elementor-widget-container\">\n\t\t\t<div class=\"pxl-icon-box pxl-icon-box2 wow fadeInLeft\" data-wow-delay=\"800ms\">\r\n    <div class=\"pxl-item--inner icon-left\">\r\n                    <div class=\"pxl-item--icon\">\r\n                <i aria-hidden=\"true\" class=\"fas fa-check\"><\/i>            <\/div>\r\n                        <div class=\"pxl-item-meta\">\r\n            <h3 class=\"pxl-item--title el-empty\"><\/h3>\r\n            <div class=\"pxl-item--description el-empty\">Das tiefe Verst\u00e4ndnis unseres einheimischen Teams f\u00fcr lokale Br\u00e4uche, Kulturen und Verbraucherverhalten tr\u00e4gt dazu bei, entscheidende Erkenntnisse f\u00fcr Marketing, Produktentwicklung und Kundenservice zu gewinnen. Wir sind mit der Dynamik jedes lokalen Marktes bestens vertraut, einschlie\u00dflich Verbraucherpr\u00e4ferenzen, saisonalen Trends und der Wettbewerbslandschaft.  <\/div>\r\n        <\/div>\r\n    <\/div>\r\n<\/div>\t\t<\/div>\n\t\t\t\t<\/div>\n\t\t            <\/div>\r\n        <\/div>\r\n        \t\t\t<\/div>\n\t\t<\/section>\n\t\t            <\/div>\r\n        <\/div>\r\n        \t\t\t<\/div>\n\t\t<\/section>\n\t\t        <section class=\"elementor-section elementor-top-section elementor-element elementor-element-4a9f089 elementor-section-stretched elementor-section-boxed elementor-section-height-default elementor-section-height-default pxl-section-overflow-hidden-no\" data-id=\"4a9f089\" data-element_type=\"section\" data-settings=\"{&quot;stretch_section&quot;:&quot;section-stretched&quot;,&quot;background_background&quot;:&quot;classic&quot;,&quot;jet_parallax_layout_list&quot;:[]}\">\n\n                \n                <div class=\"elementor-container elementor-column-gap-extended\">\n                <div class=\"elementor-column elementor-col-50 elementor-top-column elementor-element elementor-element-2d5c294 col-offset-none pxl-column-element-default pxl-column-overflow-hidden-no\" data-id=\"2d5c294\" data-element_type=\"column\">\r\n        <div class=\"elementor-widget-wrap elementor-element-populated\">\r\n                     \r\n        \t\t<div class=\"elementor-element elementor-element-622a100 elementor-align-left elementor-widget elementor-widget-pxl_image_text\" data-id=\"622a100\" data-element_type=\"widget\" data-widget_type=\"pxl_image_text.default\">\n\t\t\t\t<div class=\"elementor-widget-container\">\n\t\t\t    <div class=\"pxl-img-text d-flex-wrap relative\">\r\n                <div class=\"content-img relative\">\r\n            <div class=\"pxl-img off\" data-parallax='{\"y\": 50}'>\r\n                <img fetchpriority=\"high\" decoding=\"async\" width=\"626\" height=\"371\" src=\"https:\/\/formup.co.th\/wp-content\/uploads\/2024\/08\/download-67.jpeg\" class=\"attachment-full\" alt=\"\" \/>            <\/div>\r\n        <\/div>\r\n    <\/div>\r\n\t\t<\/div>\n\t\t\t\t<\/div>\n\t\t\t\t<div class=\"elementor-element elementor-element-773375a elementor-widget elementor-widget-pxl_heading\" data-id=\"773375a\" data-element_type=\"widget\" data-widget_type=\"pxl_heading.default\">\n\t\t\t\t<div class=\"elementor-widget-container\">\n\t\t\t<div class=\"pxl-heading\">\n    <div class=\"pxl-heading--inner\">\n                <h3 class=\"pxl-item--title divider-none\">\n        Nur menschliche \u00dcbersetzer k\u00f6nnen \u00dcbersetzungen anpassen und sicherstellen, dass die Kommunikation die Merkmale der Zielgruppe auf kulturell sensible und angemessene Weise widerspiegelt. Nur ein Mensch kann Teile einer Kommunikation identifizieren, die als kulturell irrelevant, irref\u00fchrend, oberfl\u00e4chlich oder sogar beleidigend wahrgenommen werden k\u00f6nnten. Die Bedeutung fachspezifischer Terminologien kann nur von Fachleuten auf diesem Gebiet vollst\u00e4ndig verstanden werden.                <\/h3>\n                    <\/div>\n<\/div>\n\n\t\t<\/div>\n\t\t\t\t<\/div>\n\t\t\t\t<div class=\"elementor-element elementor-element-a457d34 elementor-widget elementor-widget-text-editor\" data-id=\"a457d34\" data-element_type=\"widget\" data-widget_type=\"text-editor.default\">\n\t\t\t\t<div class=\"elementor-widget-container\">\n\t\t\t\t\t\t\tF\u00fcr weitere Informationen kontaktieren Sie uns bitte unter mail@formup.co.th <a href=\"\/de\/mail@formup.co.th\/\">mail@formup.co.th<\/a>\n\t\t\t\t\t\t<\/div>\n\t\t\t\t<\/div>\n\t\t            <\/div>\r\n        <\/div>\r\n                <div class=\"elementor-column elementor-col-50 elementor-top-column elementor-element elementor-element-b95e5fe col-offset-none pxl-column-element-default pxl-column-overflow-hidden-no\" data-id=\"b95e5fe\" data-element_type=\"column\">\r\n        <div class=\"elementor-widget-wrap elementor-element-populated\">\r\n                     \r\n        \t\t<div class=\"elementor-element elementor-element-f995764 elementor-widget elementor-widget-pxl_heading\" data-id=\"f995764\" data-element_type=\"widget\" data-widget_type=\"pxl_heading.default\">\n\t\t\t\t<div class=\"elementor-widget-container\">\n\t\t\t<div class=\"pxl-heading\">\n    <div class=\"pxl-heading--inner\">\n                <h3 class=\"pxl-item--title divider-none\">\n        Translation &#038; Localisation                <\/h3>\n                    <\/div>\n<\/div>\n\n\t\t<\/div>\n\t\t\t\t<\/div>\n\t\t\t\t<div class=\"elementor-element elementor-element-0949ce9 elementor-widget elementor-widget-pxl_heading\" data-id=\"0949ce9\" data-element_type=\"widget\" data-widget_type=\"pxl_heading.default\">\n\t\t\t\t<div class=\"elementor-widget-container\">\n\t\t\t<div class=\"pxl-heading\">\n    <div class=\"pxl-heading--inner\">\n                <h3 class=\"pxl-item--title divider-none\">\n        Unser \u00dcbersetzungs- und Lokalisierungsteam mit unterschiedlichem sprachlichem Hintergrund sorgt f\u00fcr eine professionelle \u00dcbersetzung Ihrer Kommunikation und ihrer wirklich gewollten Bedeutung in die jeweilige Muttersprache. F\u00fcr eine substanzielle und sensible Kommunikation ist die Vertrautheit mit den Nuancen der Ausgangs- und Zielsprache unabdingbar. Mit diesen F\u00e4higkeiten stellen wir sicher, dass Ihre Kommunikation in der Zielsprache mit vollem Verst\u00e4ndnis und Genauigkeit pr\u00e4sentiert wird.                <\/h3>\n                    <\/div>\n<\/div>\n\n\t\t<\/div>\n\t\t\t\t<\/div>\n\t\t\t\t<div class=\"elementor-element elementor-element-b18f448 elementor-widget elementor-widget-pxl_heading\" data-id=\"b18f448\" data-element_type=\"widget\" data-widget_type=\"pxl_heading.default\">\n\t\t\t\t<div class=\"elementor-widget-container\">\n\t\t\t<div class=\"pxl-heading\">\n    <div class=\"pxl-heading--inner\">\n                <h3 class=\"pxl-item--title divider-none\">\n        Maschinen und sogar KI mangelt es an Kreativit\u00e4t und sie k\u00f6nnen die Anforderungen an die Sprachgenauigkeit in vielen asiatischen Sprachen kaum oder gar nicht erf\u00fcllen.                <\/h3>\n                    <\/div>\n<\/div>\n\n\t\t<\/div>\n\t\t\t\t<\/div>\n\t\t            <\/div>\r\n        <\/div>\r\n        \t\t\t<\/div>\n\t\t<\/section>\n\t\t\t\t<\/div>","protected":false},"excerpt":{"rendered":"<p>About us As a Thailand-based company, we can help establish a credible image for your company, business, products, and services in the Thai market as well as other Southeast Asian markets. We act as your eyes and ears, attentively listening to consumer needs and their pain points through social channels and online media. This helps [&hellip;]<\/p>","protected":false},"author":2,"featured_media":0,"parent":0,"menu_order":0,"comment_status":"closed","ping_status":"closed","template":"","meta":{"_monsterinsights_skip_tracking":false,"_monsterinsights_sitenote_active":false,"_monsterinsights_sitenote_note":"","_monsterinsights_sitenote_category":0,"footnotes":""},"class_list":["post-1330","page","type-page","status-publish","hentry"],"aioseo_notices":[],"_links":{"self":[{"href":"https:\/\/formup.co.th\/de\/wp-json\/wp\/v2\/pages\/1330","targetHints":{"allow":["GET"]}}],"collection":[{"href":"https:\/\/formup.co.th\/de\/wp-json\/wp\/v2\/pages"}],"about":[{"href":"https:\/\/formup.co.th\/de\/wp-json\/wp\/v2\/types\/page"}],"author":[{"embeddable":true,"href":"https:\/\/formup.co.th\/de\/wp-json\/wp\/v2\/users\/2"}],"replies":[{"embeddable":true,"href":"https:\/\/formup.co.th\/de\/wp-json\/wp\/v2\/comments?post=1330"}],"version-history":[{"count":163,"href":"https:\/\/formup.co.th\/de\/wp-json\/wp\/v2\/pages\/1330\/revisions"}],"predecessor-version":[{"id":20990,"href":"https:\/\/formup.co.th\/de\/wp-json\/wp\/v2\/pages\/1330\/revisions\/20990"}],"wp:attachment":[{"href":"https:\/\/formup.co.th\/de\/wp-json\/wp\/v2\/media?parent=1330"}],"curies":[{"name":"wp","href":"https:\/\/api.w.org\/{rel}","templated":true}]}}